{"id":3,"date":"2023-05-30T09:19:01","date_gmt":"2023-05-30T07:19:01","guid":{"rendered":"https:\/\/braflygforsakring.se\/?page_id=3"},"modified":"2024-05-07T21:44:07","modified_gmt":"2024-05-07T19:44:07","slug":"cookies","status":"publish","type":"page","link":"https:\/\/braflygforsakring.se\/en\/cookies\/","title":{"rendered":"Cookies"},"content":{"rendered":"<div data-elementor-type=\"wp-page\" data-elementor-id=\"3\" class=\"elementor elementor-3\">\n\t\t\t\t\t\t<section class=\"elementor-section elementor-top-section elementor-element elementor-element-465937b9 elementor-section-boxed elementor-section-height-default elementor-section-height-default\" data-id=\"465937b9\" data-element_type=\"section\">\n\t\t\t\t\t\t<div class=\"elementor-container elementor-column-gap-default\">\n\t\t\t\t\t<div class=\"elementor-column elementor-col-100 elementor-top-column elementor-element elementor-element-54a0bd8c\" data-id=\"54a0bd8c\" data-element_type=\"column\">\n\t\t\t<div class=\"elementor-widget-wrap elementor-element-populated\">\n\t\t\t\t\t\t<div class=\"elementor-element elementor-element-242c30a elementor-widget elementor-widget-html\" data-id=\"242c30a\" data-element_type=\"widget\" data-widget_type=\"html.default\">\n\t\t\t\t<div class=\"elementor-widget-container\">\n\t\t\t\t\t<script id=\"CookieDeclaration\" src=\"https:\/\/consent.cookiebot.com\/ed67599c-66da-4c32-8de8-41b894d13c72\/cd.js\" type=\"text\/javascript\" async><\/script>\t\t\t\t<\/div>\n\t\t\t\t<\/div>\n\t\t\t\t\t<\/div>\n\t\t<\/div>\n\t\t\t\t\t<\/div>\n\t\t<\/section>\n\t\t\t\t<\/div>","protected":false},"excerpt":{"rendered":"","protected":false},"author":1,"featured_media":0,"parent":0,"menu_order":0,"comment_status":"closed","ping_status":"open","template":"","meta":{"footnotes":""},"class_list":["post-3","page","type-page","status-publish","hentry","entry"],"yoast_head":"<!-- This site is optimized with the Yoast SEO plugin v27.2 - https:\/\/yoast.com\/product\/yoast-seo-wordpress\/ -->\n<title>Cookies - Bra flygf\u00f6rs\u00e4kring<\/title>\n<meta name=\"robots\" content=\"index, follow, max-snippet:-1, max-image-preview:large, max-video-preview:-1\" \/>\n<link rel=\"canonical\" href=\"https:\/\/braflygforsakring.se\/en\/cookies\/\" \/>\n<meta property=\"og:locale\" content=\"en_GB\" \/>\n<meta property=\"og:type\" content=\"article\" \/>\n<meta property=\"og:title\" content=\"Cookies - Bra flygf\u00f6rs\u00e4kring\" \/>\n<meta property=\"og:url\" content=\"https:\/\/braflygforsakring.se\/en\/cookies\/\" \/>\n<meta property=\"og:site_name\" content=\"Bra flygf\u00f6rs\u00e4kring\" \/>\n<meta property=\"article:modified_time\" content=\"2024-05-07T19:44:07+00:00\" \/>\n<meta name=\"twitter:card\" content=\"summary_large_image\" \/>\n<meta name=\"twitter:label1\" content=\"Estimated reading time\" \/>\n\t<meta name=\"twitter:data1\" content=\"3 minutes\" \/>\n<script type=\"application\/ld+json\" class=\"yoast-schema-graph\">{\"@context\":\"https:\/\/schema.org\",\"@graph\":[{\"@type\":\"WebPage\",\"@id\":\"https:\/\/braflygforsakring.se\/cookies\/\",\"url\":\"https:\/\/braflygforsakring.se\/cookies\/\",\"name\":\"Cookies - Bra flygf\u00f6rs\u00e4kring\",\"isPartOf\":{\"@id\":\"https:\/\/braflygforsakring.se\/#website\"},\"datePublished\":\"2023-05-30T07:19:01+00:00\",\"dateModified\":\"2024-05-07T19:44:07+00:00\",\"breadcrumb\":{\"@id\":\"https:\/\/braflygforsakring.se\/cookies\/#breadcrumb\"},\"inLanguage\":\"en-GB\",\"potentialAction\":[{\"@type\":\"ReadAction\",\"target\":[\"https:\/\/braflygforsakring.se\/cookies\/\"]}]},{\"@type\":\"BreadcrumbList\",\"@id\":\"https:\/\/braflygforsakring.se\/cookies\/#breadcrumb\",\"itemListElement\":[{\"@type\":\"ListItem\",\"position\":1,\"name\":\"Hem\",\"item\":\"https:\/\/braflygforsakring.se\/\"},{\"@type\":\"ListItem\",\"position\":2,\"name\":\"Cookies\"}]},{\"@type\":\"WebSite\",\"@id\":\"https:\/\/braflygforsakring.se\/#website\",\"url\":\"https:\/\/braflygforsakring.se\/\",\"name\":\"Bra flygf\u00f6rs\u00e4kring\",\"description\":\"Specialiserad F\u00f6rs\u00e4kringsm\u00e4klare p\u00e5 Luftfartyg\",\"publisher\":{\"@id\":\"https:\/\/braflygforsakring.se\/#organization\"},\"potentialAction\":[{\"@type\":\"SearchAction\",\"target\":{\"@type\":\"EntryPoint\",\"urlTemplate\":\"https:\/\/braflygforsakring.se\/?s={search_term_string}\"},\"query-input\":{\"@type\":\"PropertyValueSpecification\",\"valueRequired\":true,\"valueName\":\"search_term_string\"}}],\"inLanguage\":\"en-GB\"},{\"@type\":\"Organization\",\"@id\":\"https:\/\/braflygforsakring.se\/#organization\",\"name\":\"Bra flygf\u00f6rs\u00e4kring\",\"url\":\"https:\/\/braflygforsakring.se\/\",\"logo\":{\"@type\":\"ImageObject\",\"inLanguage\":\"en-GB\",\"@id\":\"https:\/\/braflygforsakring.se\/#\/schema\/logo\/image\/\",\"url\":\"https:\/\/braflygforsakring.se\/wp-content\/uploads\/2024\/07\/CA-eng-blue.png\",\"contentUrl\":\"https:\/\/braflygforsakring.se\/wp-content\/uploads\/2024\/07\/CA-eng-blue.png\",\"width\":1327,\"height\":291,\"caption\":\"Bra flygf\u00f6rs\u00e4kring\"},\"image\":{\"@id\":\"https:\/\/braflygforsakring.se\/#\/schema\/logo\/image\/\"}}]}<\/script>\n<!-- \/ Yoast SEO plugin. -->","yoast_head_json":{"title":"Cookies - Bra flygf\u00f6rs\u00e4kring","robots":{"index":"index","follow":"follow","max-snippet":"max-snippet:-1","max-image-preview":"max-image-preview:large","max-video-preview":"max-video-preview:-1"},"canonical":"https:\/\/braflygforsakring.se\/en\/cookies\/","og_locale":"en_GB","og_type":"article","og_title":"Cookies - Bra flygf\u00f6rs\u00e4kring","og_url":"https:\/\/braflygforsakring.se\/en\/cookies\/","og_site_name":"Bra flygf\u00f6rs\u00e4kring","article_modified_time":"2024-05-07T19:44:07+00:00","twitter_card":"summary_large_image","twitter_misc":{"Estimated reading time":"3 minutes"},"schema":{"@context":"https:\/\/schema.org","@graph":[{"@type":"WebPage","@id":"https:\/\/braflygforsakring.se\/cookies\/","url":"https:\/\/braflygforsakring.se\/cookies\/","name":"Cookies - Bra flygf\u00f6rs\u00e4kring","isPartOf":{"@id":"https:\/\/braflygforsakring.se\/#website"},"datePublished":"2023-05-30T07:19:01+00:00","dateModified":"2024-05-07T19:44:07+00:00","breadcrumb":{"@id":"https:\/\/braflygforsakring.se\/cookies\/#breadcrumb"},"inLanguage":"en-GB","potentialAction":[{"@type":"ReadAction","target":["https:\/\/braflygforsakring.se\/cookies\/"]}]},{"@type":"BreadcrumbList","@id":"https:\/\/braflygforsakring.se\/cookies\/#breadcrumb","itemListElement":[{"@type":"ListItem","position":1,"name":"Hem","item":"https:\/\/braflygforsakring.se\/"},{"@type":"ListItem","position":2,"name":"Cookies"}]},{"@type":"WebSite","@id":"https:\/\/braflygforsakring.se\/#website","url":"https:\/\/braflygforsakring.se\/","name":"Bra flygf\u00f6rs\u00e4kring","description":"Specialiserad F\u00f6rs\u00e4kringsm\u00e4klare p\u00e5 Luftfartyg","publisher":{"@id":"https:\/\/braflygforsakring.se\/#organization"},"potentialAction":[{"@type":"SearchAction","target":{"@type":"EntryPoint","urlTemplate":"https:\/\/braflygforsakring.se\/?s={search_term_string}"},"query-input":{"@type":"PropertyValueSpecification","valueRequired":true,"valueName":"search_term_string"}}],"inLanguage":"en-GB"},{"@type":"Organization","@id":"https:\/\/braflygforsakring.se\/#organization","name":"Bra flygf\u00f6rs\u00e4kring","url":"https:\/\/braflygforsakring.se\/","logo":{"@type":"ImageObject","inLanguage":"en-GB","@id":"https:\/\/braflygforsakring.se\/#\/schema\/logo\/image\/","url":"https:\/\/braflygforsakring.se\/wp-content\/uploads\/2024\/07\/CA-eng-blue.png","contentUrl":"https:\/\/braflygforsakring.se\/wp-content\/uploads\/2024\/07\/CA-eng-blue.png","width":1327,"height":291,"caption":"Bra flygf\u00f6rs\u00e4kring"},"image":{"@id":"https:\/\/braflygforsakring.se\/#\/schema\/logo\/image\/"}}]}},"_links":{"self":[{"href":"https:\/\/braflygforsakring.se\/en\/wp-json\/wp\/v2\/pages\/3","targetHints":{"allow":["GET"]}}],"collection":[{"href":"https:\/\/braflygforsakring.se\/en\/wp-json\/wp\/v2\/pages"}],"about":[{"href":"https:\/\/braflygforsakring.se\/en\/wp-json\/wp\/v2\/types\/page"}],"author":[{"embeddable":true,"href":"https:\/\/braflygforsakring.se\/en\/wp-json\/wp\/v2\/users\/1"}],"replies":[{"embeddable":true,"href":"https:\/\/braflygforsakring.se\/en\/wp-json\/wp\/v2\/comments?post=3"}],"version-history":[{"count":7,"href":"https:\/\/braflygforsakring.se\/en\/wp-json\/wp\/v2\/pages\/3\/revisions"}],"predecessor-version":[{"id":362,"href":"https:\/\/braflygforsakring.se\/en\/wp-json\/wp\/v2\/pages\/3\/revisions\/362"}],"wp:attachment":[{"href":"https:\/\/braflygforsakring.se\/en\/wp-json\/wp\/v2\/media?parent=3"}],"curies":[{"name":"wp","href":"https:\/\/api.w.org\/{rel}","templated":true}]}}